{"id":667,"date":"2024-10-21T12:29:47","date_gmt":"2024-10-21T10:29:47","guid":{"rendered":"https:\/\/retoglobal.eu\/?page_id=667"},"modified":"2024-10-21T12:32:10","modified_gmt":"2024-10-21T10:32:10","slug":"contacto","status":"publish","type":"page","link":"https:\/\/retoglobal.eu\/index.php\/contacto\/","title":{"rendered":"Contacto"},"content":{"rendered":"\n<p>A trav\u00e9s del correo electr\u00f3nico <a href=\"mailto:mgm@retoglobal.eu\">mgm@retoglobal.eu<\/a><\/p>\n\n\n\n<p>A trav\u00e9s de Linkedin <a href=\"https:\/\/www.linkedin.com\/in\/retoglobal-eu-450044290\/\">https:\/\/www.linkedin.com\/in\/retoglobal-eu-450044290\/<\/a><\/p>\n\n\n\n<p>A trav\u00e9s de Facebook <a href=\"https:\/\/www.linkedin.com\/in\/retoglobal-eu-450044290\/\">https:\/\/www.linkedin.com\/in\/retoglobal-eu-450044290\/<\/a><\/p>\n","protected":false},"excerpt":{"rendered":"<p>A trav\u00e9s del correo electr\u00f3nico mgm@retoglobal.eu A trav\u00e9s de Linkedin https:\/\/www.linkedin.com\/in\/retoglobal-eu-450044290\/ A trav\u00e9s de Facebook https:\/\/www.linkedin.com\/in\/retoglobal-eu-450044290\/<\/p>\n","protected":false},"author":1,"featured_media":0,"parent":0,"menu_order":0,"comment_status":"closed","ping_status":"closed","template":"","meta":{"footnotes":""},"class_list":["post-667","page","type-page","status-publish","hentry"],"_links":{"self":[{"href":"https:\/\/retoglobal.eu\/index.php\/wp-json\/wp\/v2\/pages\/667","targetHints":{"allow":["GET"]}}],"collection":[{"href":"https:\/\/retoglobal.eu\/index.php\/wp-json\/wp\/v2\/pages"}],"about":[{"href":"https:\/\/retoglobal.eu\/index.php\/wp-json\/wp\/v2\/types\/page"}],"author":[{"embeddable":true,"href":"https:\/\/retoglobal.eu\/index.php\/wp-json\/wp\/v2\/users\/1"}],"replies":[{"embeddable":true,"href":"https:\/\/retoglobal.eu\/index.php\/wp-json\/wp\/v2\/comments?post=667"}],"version-history":[{"count":3,"href":"https:\/\/retoglobal.eu\/index.php\/wp-json\/wp\/v2\/pages\/667\/revisions"}],"predecessor-version":[{"id":672,"href":"https:\/\/retoglobal.eu\/index.php\/wp-json\/wp\/v2\/pages\/667\/revisions\/672"}],"wp:attachment":[{"href":"https:\/\/retoglobal.eu\/index.php\/wp-json\/wp\/v2\/media?parent=667"}],"curies":[{"name":"wp","href":"https:\/\/api.w.org\/{rel}","templated":true}]}}