{"id":403,"date":"2024-03-20T19:58:56","date_gmt":"2024-03-20T18:58:56","guid":{"rendered":"https:\/\/retoglobal.eu\/?page_id=403"},"modified":"2024-03-20T19:58:56","modified_gmt":"2024-03-20T18:58:56","slug":"leyes-acuerdos-compromisos-y-normativas-vigentes","status":"publish","type":"page","link":"https:\/\/retoglobal.eu\/index.php\/reto\/manifiesto-de-la-asociacion-retoglobal-eu\/leyes-acuerdos-compromisos-y-normativas-vigentes\/","title":{"rendered":"Leyes, acuerdos, compromisos y normativas vigentes."},"content":{"rendered":"\n<p><strong>Hacer cumplir leyes, acuerdos, compromisos y normativas vigentes<\/strong>. <\/p>\n\n\n\n<p>reconocemos la vital importancia del cumplimiento de todas las leyes, normativas y acuerdos a todos los niveles, internacional, nacional, auton\u00f3mico y local.<\/p>\n\n\n\n<p>Velar por el cumplimiento estricto de las leyes y regulaciones ambientales y clim\u00e1ticas, abogar por la implementaci\u00f3n efectiva de las pol\u00edticas ambientales y clim\u00e1ticas con sus respectivas asignaciones adecuadas de recursos para su aplicaci\u00f3n y cumplimiento.<\/p>\n\n\n\n<p>Colaborar con las autoridades competentes y partes interesadas para fortalecer el marco legal y normativo en materia ambiental y clim\u00e1tico, con el fin de su aplicaci\u00f3n equitativa y efectiva.<\/p>\n\n\n\n<p>para ello hace falta entender la realidad de la situaci\u00f3n, hace falta voluntad pol\u00edtica y dotar de partidas presupuestarias para su implementaci\u00f3n, realizaci\u00f3n y cumplimiento<strong>.&nbsp;<\/strong>Ser\u00eda importante que las leyes, los planes, proyectos, etc., tengan en cuenta la situaci\u00f3n real y&nbsp;<strong>se realicen con un cronograma de cumplimiento y con bases cient\u00edficas.<\/strong><\/p>\n\n\n\n<p><strong>Exigir el inmediato cumplimiento de,\u00a0\u00a0<\/strong>\u00a0\u00a0<\/p>\n\n\n\n<ul class=\"wp-block-list\">\n<li><a href=\"https:\/\/www.un.org\/es\/about-us\/universal-declaration-of-human-rights\" target=\"_blank\" rel=\"noreferrer noopener\"><strong>Declaraci\u00f3n Universal de los Derechos Humanos, incluido el derecho a un ambiente limpio, saludable y sostenible.<\/strong><\/a><\/li>\n\n\n\n<li>Cumplir y hacer cumplir el&nbsp;<strong>Art\u00edculo 45 de la&nbsp;<\/strong><a rel=\"noreferrer noopener\" href=\"https:\/\/www.boe.es\/legislacion\/documentos\/ConstitucionCASTELLANO.pdf\" target=\"_blank\"><strong>Constituci\u00f3n Espa\u00f1ola<\/strong><\/a><strong>,<\/strong><\/li>\n\n\n\n<li>La&nbsp;<a rel=\"noreferrer noopener\" href=\"https:\/\/www.boe.es\/buscar\/doc.php?id=BOE-A-2021-8447#:~:text=La%20ley%20establece%20un%20marco,mejorar%20las%20decisiones%20de%20inversi%C3%B3n.\" target=\"_blank\"><strong>Ley 7\/2021 de Cambio Clim\u00e1tico y Transici\u00f3n Energ\u00e9tica, de 20 de mayo<\/strong><\/a><strong>,<\/strong><\/li>\n\n\n\n<li>Cumplir con las medidas del \u201cPaquete de Invierno\u201d de la UE: aplicaci\u00f3n del principio \u201c<strong>PRIMERO LA EFICIENCIA ENERG\u00c9TICA\u201d .&nbsp;<\/strong>Reglamento (UE) 2018\/1999 sobre la gobernanza de la Uni\u00f3n de la Energ\u00eda y la Acci\u00f3n por el Clima<strong>.&nbsp;<\/strong><a rel=\"noreferrer noopener\" href=\"https:\/\/www.boe.es\/doue\/2018\/328\/L00001-00077.pdf\" target=\"_blank\"><strong>BOE, Reglamento UE 2018\/1999 Gobernanza Energ\u00eda y Acci\u00f3n del Clima<\/strong><\/a><a href=\"https:\/\/www.boe.es\/doue\/2018\/328\/L00082-00209.pdf\"><strong>BOE, Directiva UE 2018\/2001dr Energ\u00edas Renovables,<\/strong><\/a><a href=\"https:\/\/www.boe.es\/doue\/2018\/156\/L00075-00091.pdf\"><strong>BOE, Directiva UE 2018\/844 Eficiencia energ\u00e9tica en edificios,<\/strong><\/a>&nbsp;<a rel=\"noreferrer noopener\" href=\"https:\/\/www.boe.es\/doue\/2019\/158\/L00125-00199.pdf\" target=\"_blank\"><strong>BOE Directiva UE 2018\/944 Mercado interior de la electricidad,<\/strong><\/a><\/li>\n\n\n\n<li>Cumplir las declaraciones de&nbsp;<strong>Emergencia Clim\u00e1tica y Ecol\u00f3gica firmadas,<\/strong><\/li>\n\n\n\n<li>Cumplir los Planes del Clima,<\/li>\n\n\n\n<li>Cumplir los Planes de Movilidad Sostenible,<\/li>\n\n\n\n<li>Cumplir los Planes de Energ\u00edas Sostenibles,<\/li>\n\n\n\n<li>Cumplir el&nbsp;<strong>Pacto de las alcald\u00edas.<\/strong>, quienes lo hayan firmado,<\/li>\n\n\n\n<li>Cumplir el&nbsp;<strong>Pacto de Mil\u00e1n, 2015.<\/strong>, quienes se hayan adherido.<\/li>\n\n\n\n<li>Seguir las recomendaciones&nbsp;<a href=\"https:\/\/www.iucn.org\/es\" target=\"_blank\" rel=\"noreferrer noopener\"><strong>UICN, Uni\u00f3n Internacional para la Conservaci\u00f3n,<\/strong><\/a><\/li>\n\n\n\n<li>Cumplir la\u00a0<a href=\"https:\/\/www.europarl.europa.eu\/doceo\/document\/TA-9-2021-0277_ES.html\" target=\"_blank\" rel=\"noreferrer noopener\"><strong>Estrategia UE Biodiversidad reintegrar la naturaleza en nuestras vidas.<\/strong><\/a><\/li>\n\n\n\n<li>Cumplir con el <a href=\"https:\/\/www.consilium.europa.eu\/es\/policies\/green-deal\/\">Pacto Verde Europeo<\/a><\/li>\n\n\n\n<li><strong>entre otras tantas a nivel internacional, europeo, nacional, auton\u00f3mico y local.<\/strong><\/li>\n<\/ul>\n","protected":false},"excerpt":{"rendered":"<p>Hacer cumplir leyes, acuerdos, compromisos y normativas vigentes. reconocemos la vital importancia del cumplimiento de todas las leyes, normativas y acuerdos a todos los niveles, &hellip;<\/p>\n","protected":false},"author":1,"featured_media":141,"parent":158,"menu_order":-1,"comment_status":"closed","ping_status":"closed","template":"","meta":{"footnotes":""},"class_list":["post-403","page","type-page","status-publish","has-post-thumbnail","hentry"],"_links":{"self":[{"href":"https:\/\/retoglobal.eu\/index.php\/wp-json\/wp\/v2\/pages\/403","targetHints":{"allow":["GET"]}}],"collection":[{"href":"https:\/\/retoglobal.eu\/index.php\/wp-json\/wp\/v2\/pages"}],"about":[{"href":"https:\/\/retoglobal.eu\/index.php\/wp-json\/wp\/v2\/types\/page"}],"author":[{"embeddable":true,"href":"https:\/\/retoglobal.eu\/index.php\/wp-json\/wp\/v2\/users\/1"}],"replies":[{"embeddable":true,"href":"https:\/\/retoglobal.eu\/index.php\/wp-json\/wp\/v2\/comments?post=403"}],"version-history":[{"count":1,"href":"https:\/\/retoglobal.eu\/index.php\/wp-json\/wp\/v2\/pages\/403\/revisions"}],"predecessor-version":[{"id":404,"href":"https:\/\/retoglobal.eu\/index.php\/wp-json\/wp\/v2\/pages\/403\/revisions\/404"}],"up":[{"embeddable":true,"href":"https:\/\/retoglobal.eu\/index.php\/wp-json\/wp\/v2\/pages\/158"}],"wp:featuredmedia":[{"embeddable":true,"href":"https:\/\/retoglobal.eu\/index.php\/wp-json\/wp\/v2\/media\/141"}],"wp:attachment":[{"href":"https:\/\/retoglobal.eu\/index.php\/wp-json\/wp\/v2\/media?parent=403"}],"curies":[{"name":"wp","href":"https:\/\/api.w.org\/{rel}","templated":true}]}}