{"id":396,"date":"2024-03-20T19:43:41","date_gmt":"2024-03-20T18:43:41","guid":{"rendered":"https:\/\/retoglobal.eu\/?page_id=396"},"modified":"2024-03-26T18:05:15","modified_gmt":"2024-03-26T17:05:15","slug":"ciudades-verdes-y-sostenibles","status":"publish","type":"page","link":"https:\/\/retoglobal.eu\/index.php\/reto\/manifiesto-de-la-asociacion-retoglobal-eu\/ciudades-verdes-y-sostenibles\/","title":{"rendered":"Ciudades verdes y sostenibles."},"content":{"rendered":"\n<h2 class=\"wp-block-heading\">Avanzar hacia ciudades verdes y realmente sostenibles.<\/h2>\n\n\n\n<p>Las ciudades son centros de actividad donde reside el 55% de la poblaci\u00f3n mundial y que influyen significativamente en el medio ambiente global. La urbanizaci\u00f3n descontrolada, el consumo insostenible de recursos y la falta de planificaci\u00f3n adecuada est\u00e1n generando impactos ambientales negativos, aumentando la desigualdad social, ampliando la brecha de esperanza de vida entre sus vecin@s.<\/p>\n\n\n\n<p>Por todo ello, trabajaremos para incidir en mejorar las condiciones de vida y habitabilidad de las ciudades, promoviendo un dise\u00f1o urbano realmente sostenible, aumentar el reverdecimiento del espacio urbano con bosques urbanos, anillos o corredores verdes mejorando la conectividad natural, ampliar las redes de refugios clim\u00e1ticos, jardines de lluvias, extender la regla 3-30-300 a toda la superficie, etc.<\/p>\n\n\n\n<p>Mejorar la calidad del aire desarrollando \u00e1reas de transito restringido, que impulsen cambios de h\u00e1bitos reales hacia modos de transporte m\u00e1s sostenible como el transporte p\u00fablico, la movilidad peatonal o la bicicleta y creando zonas de especial sensibilidad en los  entornos escolares, hospitales, residencias de ancianos, etc.<\/p>\n\n\n\n<p><strong>Desarrollar capacidades de adaptaci\u00f3n y resiliencia<\/strong> para minimizar los efectos de la emergencia clim\u00e1tica, promoviendo soluciones basadas en la naturaleza y fortaleciendo la resiliencia de nuestras comunidades.<\/p>\n","protected":false},"excerpt":{"rendered":"<p>Avanzar hacia ciudades verdes y realmente sostenibles. Las ciudades son centros de actividad donde reside el 55% de la poblaci\u00f3n mundial y que influyen significativamente &hellip;<\/p>\n","protected":false},"author":1,"featured_media":155,"parent":158,"menu_order":-6,"comment_status":"open","ping_status":"closed","template":"","meta":{"footnotes":""},"class_list":["post-396","page","type-page","status-publish","has-post-thumbnail","hentry"],"_links":{"self":[{"href":"https:\/\/retoglobal.eu\/index.php\/wp-json\/wp\/v2\/pages\/396","targetHints":{"allow":["GET"]}}],"collection":[{"href":"https:\/\/retoglobal.eu\/index.php\/wp-json\/wp\/v2\/pages"}],"about":[{"href":"https:\/\/retoglobal.eu\/index.php\/wp-json\/wp\/v2\/types\/page"}],"author":[{"embeddable":true,"href":"https:\/\/retoglobal.eu\/index.php\/wp-json\/wp\/v2\/users\/1"}],"replies":[{"embeddable":true,"href":"https:\/\/retoglobal.eu\/index.php\/wp-json\/wp\/v2\/comments?post=396"}],"version-history":[{"count":2,"href":"https:\/\/retoglobal.eu\/index.php\/wp-json\/wp\/v2\/pages\/396\/revisions"}],"predecessor-version":[{"id":433,"href":"https:\/\/retoglobal.eu\/index.php\/wp-json\/wp\/v2\/pages\/396\/revisions\/433"}],"up":[{"embeddable":true,"href":"https:\/\/retoglobal.eu\/index.php\/wp-json\/wp\/v2\/pages\/158"}],"wp:featuredmedia":[{"embeddable":true,"href":"https:\/\/retoglobal.eu\/index.php\/wp-json\/wp\/v2\/media\/155"}],"wp:attachment":[{"href":"https:\/\/retoglobal.eu\/index.php\/wp-json\/wp\/v2\/media?parent=396"}],"curies":[{"name":"wp","href":"https:\/\/api.w.org\/{rel}","templated":true}]}}