{"id":257,"date":"2024-03-06T11:00:51","date_gmt":"2024-03-06T10:00:51","guid":{"rendered":"https:\/\/retoglobal.eu\/?page_id=257"},"modified":"2024-10-22T11:27:59","modified_gmt":"2024-10-22T09:27:59","slug":"mesa-redonda-personas-refugiadas-y-desplazadas-por-motivos-climaticos","status":"publish","type":"page","link":"https:\/\/retoglobal.eu\/index.php\/eventos\/mesa-redonda-personas-refugiadas-y-desplazadas-por-motivos-climaticos\/","title":{"rendered":"Mesa redonda Personas Refugiadas y desplazadas por motivos clim\u00e1ticos."},"content":{"rendered":"\n<h1 class=\"wp-block-heading\">El pasado viernes 23 de febrero organizamos junto con Friday for Future M\u00e1laga y presentamos la Mesa sobre Personas refugiadas y desplazadas clim\u00e1ticas junto al CEAR, Comisi\u00f3n Espa\u00f1ola de Ayuda al Refugiado; HOAC M\u00e1laga, Hermandad Obrera de la Acci\u00f3n Cat\u00f3lica; Rancho Lim\u00f3n\/Asociaci\u00f3n L\u00edbero.<\/h1>\n\n\n\n<p>Abordamos la problem\u00e1tica de los emigrantes y desplazados por motivos medioambientales y la figura no reconocida a\u00fan por la legislaci\u00f3n espa\u00f1ola del \u201crefugiado clim\u00e1tico\u00bb.<\/p>\n\n\n\n<p>Desde\u00a0<a href=\"https:\/\/retoglobal.eu\/?customize_changeset_uuid=6dfe7f52-3594-4114-bb69-5ddc0bb890fa&amp;customize_messenger_channel=preview-1\">retoglobal.eu<\/a>\u00a0analizamos como llegamos a esta situaci\u00f3n con la evoluci\u00f3n de la emergencia clim\u00e1tica, presentamos el\u00a0<a href=\"https:\/\/www.internal-displacement.org\/global-report\/grid2023\/#spanish\">informe del Observatorio de Desplazados Internos, IDMC<\/a>, sobre los casi 32 millones de desplazados por motivos clim\u00e1ticos en todo el mundo en 2022 y hablamos sobre las diferencias entre migrantes, refugiados y desplazados.<\/p>\n\n\n\n<figure class=\"wp-block-image size-large\"><img loading=\"lazy\" decoding=\"async\" width=\"1024\" height=\"576\" src=\"https:\/\/retoglobal.eu\/wp-content\/uploads\/2024\/02\/Cultivos-1024x576.png\" alt=\"\" class=\"wp-image-214\" srcset=\"https:\/\/retoglobal.eu\/wp-content\/uploads\/2024\/02\/Cultivos-1024x576.png 1024w, https:\/\/retoglobal.eu\/wp-content\/uploads\/2024\/02\/Cultivos-300x169.png 300w, https:\/\/retoglobal.eu\/wp-content\/uploads\/2024\/02\/Cultivos-768x432.png 768w, https:\/\/retoglobal.eu\/wp-content\/uploads\/2024\/02\/Cultivos-1536x864.png 1536w, https:\/\/retoglobal.eu\/wp-content\/uploads\/2024\/02\/Cultivos-431x242.png 431w, https:\/\/retoglobal.eu\/wp-content\/uploads\/2024\/02\/Cultivos.png 1600w\" sizes=\"auto, (max-width: 1024px) 100vw, 1024px\" \/><\/figure>\n\n\n\n<p><strong>Definici\u00f3n de Migrante por la OIM, Organizaci\u00f3n Internacional para las Migraciones. (UN)<\/strong>.<\/p>\n\n\n\n<p><em>T\u00e9rmino gen\u00e9rico no definido en el derecho internacional que, por uso com\u00fan, designa a toda persona que se traslada fuera de su lugar de residencia habitual, ya sea dentro de un pa\u00eds o a trav\u00e9s de una frontera internacional, de manera temporal o permanente, y por diversas razones. Este t\u00e9rmino comprende una serie de categor\u00edas jur\u00eddicas bien definidas de personas, como los trabajadores migrantes; las personas cuya forma particular de traslado est\u00e1 jur\u00eddicamente definida, como los migrantes objeto de tr\u00e1fico; as\u00ed como las personas cuya situaci\u00f3n o medio de traslado no est\u00e9n expresamente definidos en el derecho internacional, como los estudiantes internacionales.<\/em><\/p>\n\n\n\n<p><strong>Seg\u00fan Principios Rectores de los Desplazamientos Internos, se entiende por personas desplazadas internamente, Oficina del Alto Comisionado de Derechos Humanos, ONU.<\/strong><\/p>\n\n\n\n<p><em>\u201clas personas o grupos de personas que se han visto forzadas u obligadas a escapar o huir de su hogar o de su lugar de residencia habitual, en particular como resultado o para evitar los efectos de un conflicto armado, de situaciones de violencia generalizada, de violaciones de derechos humanos o de cat\u00e1strofes naturales o provocadas por el ser humano, y que no han cruzado ninguna frontera estatal internacionalmente reconocida\u201d.<\/em><\/p>\n\n\n\n<p><strong>Definici\u00f3n de Refugiado, Convenci\u00f3n de 1951 de la UN y Protocolo sobre el Estatuto de Refugiados 1967.<\/strong><\/p>\n\n\n\n<p><em>\u00abQue debido a fundados temores de ser perseguida por motivos de raza, religi\u00f3n, nacionalidad, pertenencia a determinado grupo social u opiniones pol\u00edticas, se encuentre fuera del pa\u00eds de su nacionalidad y no pueda o, a causa de dichos temores, no quiera acogerse a la protecci\u00f3n de tal pa\u00eds; o que, careciendo de nacionalidad y hall\u00e1ndose, a consecuencia de tales acontecimientos, fuera del pa\u00eds donde antes tuviera su residencia habitual, no pueda o, a causa de dichos temores, no quiera regresar a \u00e9l\u00bb.<\/em><\/p>\n\n\n\n<figure class=\"wp-block-image size-large\"><img loading=\"lazy\" decoding=\"async\" width=\"1024\" height=\"576\" src=\"https:\/\/retoglobal.eu\/wp-content\/uploads\/2024\/02\/Desplazamientos-1024x576.png\" alt=\"\" class=\"wp-image-215\" srcset=\"https:\/\/retoglobal.eu\/wp-content\/uploads\/2024\/02\/Desplazamientos-1024x576.png 1024w, https:\/\/retoglobal.eu\/wp-content\/uploads\/2024\/02\/Desplazamientos-300x169.png 300w, https:\/\/retoglobal.eu\/wp-content\/uploads\/2024\/02\/Desplazamientos-768x432.png 768w, https:\/\/retoglobal.eu\/wp-content\/uploads\/2024\/02\/Desplazamientos-1536x864.png 1536w, https:\/\/retoglobal.eu\/wp-content\/uploads\/2024\/02\/Desplazamientos-431x242.png 431w, https:\/\/retoglobal.eu\/wp-content\/uploads\/2024\/02\/Desplazamientos.png 1600w\" sizes=\"auto, (max-width: 1024px) 100vw, 1024px\" \/><\/figure>\n\n\n\n<p>Nos acompa\u00f1aron para el di\u00e1logo y la reflexi\u00f3n:<\/p>\n\n\n\n<p><strong><a href=\"https:\/\/www.cear.es\/\">Comisi\u00f3n Espa\u00f1ola de Ayuda al Refugiado en M\u00e1laga (CEAR)<\/a><\/strong>\u00a0a trav\u00e9s de Carmen Rueda, que nos habl\u00f3 de la Protecci\u00f3n Jur\u00eddica de las Personas Desplazadas, de los\u00a0<strong>Principios Rectores de los Desplazamientos Internos<\/strong>\u00a0que es\u00a0<strong>NO VINCULANTE<\/strong>, que no existe un marco normativo espec\u00edfico para los\u00a0<strong>\u00abrefugiados clim\u00e1ticos\u00bb<\/strong>\u00a0y c\u00f3mo son los\u00a0<strong>Procedimientos de Protecci\u00f3n Internacional\u00a0<\/strong>para la Condici\u00f3n de Refugiado.<\/p>\n\n\n\n<figure class=\"wp-block-image size-large\"><img loading=\"lazy\" decoding=\"async\" width=\"1024\" height=\"578\" src=\"https:\/\/retoglobal.eu\/wp-content\/uploads\/2024\/02\/CEAR-1024x578.png\" alt=\"\" class=\"wp-image-213\" srcset=\"https:\/\/retoglobal.eu\/wp-content\/uploads\/2024\/02\/CEAR-1024x578.png 1024w, https:\/\/retoglobal.eu\/wp-content\/uploads\/2024\/02\/CEAR-300x169.png 300w, https:\/\/retoglobal.eu\/wp-content\/uploads\/2024\/02\/CEAR-768x433.png 768w, https:\/\/retoglobal.eu\/wp-content\/uploads\/2024\/02\/CEAR-431x243.png 431w, https:\/\/retoglobal.eu\/wp-content\/uploads\/2024\/02\/CEAR.png 1035w\" sizes=\"auto, (max-width: 1024px) 100vw, 1024px\" \/><\/figure>\n\n\n\n<p><strong><a href=\"https:\/\/hoac.diocesismalaga.es\/\">Hermandad Obrera de Acci\u00f3n Cat\u00f3lica (HOAC)<\/a><\/strong>, por medio de Ram\u00f3n Aguadero, denunciar las situaciones de injusticia planteada por la migraci\u00f3n clim\u00e1tica y en general y en especial con la cuesti\u00f3n del trabajo y las oportunidades de vida, como tambi\u00e9n el rumbo que seguimos llevando por el consumismo y que los m\u00e1s perjudicados, como siempre, son los que menos han contribuido al aumento de emisiones entre muchos otros temas.<\/p>\n\n\n\n<figure class=\"wp-block-image size-full is-resized\"><img loading=\"lazy\" decoding=\"async\" width=\"864\" height=\"507\" src=\"https:\/\/retoglobal.eu\/wp-content\/uploads\/2024\/02\/HOAC-2.png\" alt=\"\" class=\"wp-image-216\" style=\"width:940px;height:auto\" srcset=\"https:\/\/retoglobal.eu\/wp-content\/uploads\/2024\/02\/HOAC-2.png 864w, https:\/\/retoglobal.eu\/wp-content\/uploads\/2024\/02\/HOAC-2-300x176.png 300w, https:\/\/retoglobal.eu\/wp-content\/uploads\/2024\/02\/HOAC-2-768x451.png 768w, https:\/\/retoglobal.eu\/wp-content\/uploads\/2024\/02\/HOAC-2-431x253.png 431w, https:\/\/retoglobal.eu\/wp-content\/uploads\/2024\/02\/HOAC-2-512x300.png 512w\" sizes=\"auto, (max-width: 864px) 100vw, 864px\" \/><\/figure>\n\n\n\n<p><strong>Rancho Lim\u00f3n\/Asociaci\u00f3n L\u00edbero<\/strong>\u00a0a trav\u00e9s de Fernando Blasco, nos present\u00f3 el proyecto global de Rancho Lim\u00f3n y tambi\u00e9n sus planes que est\u00e1n llevando a cabo sobre la concienciaci\u00f3n escolar de la situaci\u00f3n de las personas refugiadas clim\u00e1ticas en distintas zonas del planeta a trav\u00e9s de videojuegos.<\/p>\n\n\n\n<figure class=\"wp-block-image size-large\"><img loading=\"lazy\" decoding=\"async\" width=\"1024\" height=\"578\" src=\"https:\/\/retoglobal.eu\/wp-content\/uploads\/2024\/02\/RL-7-1024x578.png\" alt=\"\" class=\"wp-image-212\" srcset=\"https:\/\/retoglobal.eu\/wp-content\/uploads\/2024\/02\/RL-7-1024x578.png 1024w, https:\/\/retoglobal.eu\/wp-content\/uploads\/2024\/02\/RL-7-300x169.png 300w, https:\/\/retoglobal.eu\/wp-content\/uploads\/2024\/02\/RL-7-768x433.png 768w, https:\/\/retoglobal.eu\/wp-content\/uploads\/2024\/02\/RL-7-431x243.png 431w, https:\/\/retoglobal.eu\/wp-content\/uploads\/2024\/02\/RL-7.png 1035w\" sizes=\"auto, (max-width: 1024px) 100vw, 1024px\" \/><\/figure>\n\n\n\n<p>La mesa se puede ver en youtube en el siguiente enlace,\u00a0<a href=\"https:\/\/lnkd.in\/dqdSd4Sp\">https:\/\/lnkd.in\/dqdSd4Sp<\/a><\/p>\n","protected":false},"excerpt":{"rendered":"<p>El pasado viernes 23 de febrero organizamos junto con Friday for Future M\u00e1laga y presentamos la Mesa sobre Personas refugiadas y desplazadas clim\u00e1ticas junto al &hellip;<\/p>\n","protected":false},"author":1,"featured_media":217,"parent":18,"menu_order":-3,"comment_status":"closed","ping_status":"closed","template":"","meta":{"footnotes":""},"class_list":["post-257","page","type-page","status-publish","has-post-thumbnail","hentry"],"_links":{"self":[{"href":"https:\/\/retoglobal.eu\/index.php\/wp-json\/wp\/v2\/pages\/257","targetHints":{"allow":["GET"]}}],"collection":[{"href":"https:\/\/retoglobal.eu\/index.php\/wp-json\/wp\/v2\/pages"}],"about":[{"href":"https:\/\/retoglobal.eu\/index.php\/wp-json\/wp\/v2\/types\/page"}],"author":[{"embeddable":true,"href":"https:\/\/retoglobal.eu\/index.php\/wp-json\/wp\/v2\/users\/1"}],"replies":[{"embeddable":true,"href":"https:\/\/retoglobal.eu\/index.php\/wp-json\/wp\/v2\/comments?post=257"}],"version-history":[{"count":1,"href":"https:\/\/retoglobal.eu\/index.php\/wp-json\/wp\/v2\/pages\/257\/revisions"}],"predecessor-version":[{"id":258,"href":"https:\/\/retoglobal.eu\/index.php\/wp-json\/wp\/v2\/pages\/257\/revisions\/258"}],"up":[{"embeddable":true,"href":"https:\/\/retoglobal.eu\/index.php\/wp-json\/wp\/v2\/pages\/18"}],"wp:featuredmedia":[{"embeddable":true,"href":"https:\/\/retoglobal.eu\/index.php\/wp-json\/wp\/v2\/media\/217"}],"wp:attachment":[{"href":"https:\/\/retoglobal.eu\/index.php\/wp-json\/wp\/v2\/media?parent=257"}],"curies":[{"name":"wp","href":"https:\/\/api.w.org\/{rel}","templated":true}]}}