{"id":21,"date":"2023-12-28T19:58:56","date_gmt":"2023-12-28T18:58:56","guid":{"rendered":"https:\/\/retoglobal.eu\/?page_id=21"},"modified":"2024-10-22T11:29:03","modified_gmt":"2024-10-22T09:29:03","slug":"pacto-europeo-x-el-clima","status":"publish","type":"page","link":"https:\/\/retoglobal.eu\/index.php\/pacto-europeo-x-el-clima\/","title":{"rendered":"Pacto Europeo x el clima"},"content":{"rendered":"\n<h2 class=\"wp-block-heading\"><strong><a href=\"https:\/\/ec.europa.eu\/commission\/presscorner\/detail\/es\/ip_20_2323\">Pacto europeo por el clima<\/a><\/strong><\/h2>\n\n\n\n<p class=\"has-text-align-center\">El Pacto Europeo por el Clima es una iniciativa europea que forma&nbsp;parte del Green Deal y&nbsp;se puso en marcha en diciembre del 2020.<\/p>\n\n\n\n<h4 class=\"wp-block-heading\">Este pacto&nbsp;invita a las personas, comunidades y organizaciones a participar en la lucha contra el cambio clim\u00e1tico, en la transici\u00f3n ecol\u00f3gica y a construir una Europa m\u00e1s verde y participativa.<\/h4>\n\n\n\n<h4 class=\"wp-block-heading\">Los <a href=\"https:\/\/spain.representation.ec.europa.eu\/noticias-eventos\/noticias-0\/quienes-son-los-embajadores-del-pacto-climatico-europeo-y-como-puedes-convertirte-en-uno-de-ellos-2021-12-10_es\">embajadores del Pacto Europeo por el Clima<\/a> somos\u00a0personas de distintas trayectorias,\u00a0comprometidas con la acci\u00f3n por el clima. Difundimos, incidimos y\u00a0apoyamos\u00a0la acci\u00f3n por el clima en todos los \u00e1mbitos;\u00a0trasladamos las iniciativas a nuestras\u00a0comunidades y redes y\u00a0 quieren cambiar las cosas.<\/h4>\n\n\n\n<figure class=\"wp-block-image size-full is-style-default\"><img loading=\"lazy\" decoding=\"async\" width=\"324\" height=\"324\" src=\"https:\/\/retoglobal.eu\/wp-content\/uploads\/2024\/01\/photo.jpg\" alt=\"Los Embajadores Europeos por el Pacto Clim\u00e1tico en Espa\u00f1a somos personas comprometidas en difundir las distintas acciones por el clima llevadas a cabo desde la Uni\u00f3n Europea.\" class=\"wp-image-115\" srcset=\"https:\/\/retoglobal.eu\/wp-content\/uploads\/2024\/01\/photo.jpg 324w, https:\/\/retoglobal.eu\/wp-content\/uploads\/2024\/01\/photo-150x150.jpg 150w, https:\/\/retoglobal.eu\/wp-content\/uploads\/2024\/01\/photo-300x300.jpg 300w\" sizes=\"auto, (max-width: 324px) 100vw, 324px\" \/><\/figure>\n","protected":false},"excerpt":{"rendered":"<p>Pacto europeo por el clima El Pacto Europeo por el Clima es una iniciativa europea que forma&nbsp;parte del Green Deal y&nbsp;se puso en marcha en &hellip;<\/p>\n","protected":false},"author":1,"featured_media":112,"parent":0,"menu_order":0,"comment_status":"closed","ping_status":"closed","template":"","meta":{"footnotes":""},"class_list":["post-21","page","type-page","status-publish","has-post-thumbnail","hentry"],"_links":{"self":[{"href":"https:\/\/retoglobal.eu\/index.php\/wp-json\/wp\/v2\/pages\/21","targetHints":{"allow":["GET"]}}],"collection":[{"href":"https:\/\/retoglobal.eu\/index.php\/wp-json\/wp\/v2\/pages"}],"about":[{"href":"https:\/\/retoglobal.eu\/index.php\/wp-json\/wp\/v2\/types\/page"}],"author":[{"embeddable":true,"href":"https:\/\/retoglobal.eu\/index.php\/wp-json\/wp\/v2\/users\/1"}],"replies":[{"embeddable":true,"href":"https:\/\/retoglobal.eu\/index.php\/wp-json\/wp\/v2\/comments?post=21"}],"version-history":[{"count":3,"href":"https:\/\/retoglobal.eu\/index.php\/wp-json\/wp\/v2\/pages\/21\/revisions"}],"predecessor-version":[{"id":116,"href":"https:\/\/retoglobal.eu\/index.php\/wp-json\/wp\/v2\/pages\/21\/revisions\/116"}],"wp:featuredmedia":[{"embeddable":true,"href":"https:\/\/retoglobal.eu\/index.php\/wp-json\/wp\/v2\/media\/112"}],"wp:attachment":[{"href":"https:\/\/retoglobal.eu\/index.php\/wp-json\/wp\/v2\/media?parent=21"}],"curies":[{"name":"wp","href":"https:\/\/api.w.org\/{rel}","templated":true}]}}