{"id":19,"date":"2023-12-28T19:58:56","date_gmt":"2023-12-28T18:58:56","guid":{"rendered":"https:\/\/retoglobal.eu\/?page_id=19"},"modified":"2024-10-22T11:25:39","modified_gmt":"2024-10-22T09:25:39","slug":"cambio-climatico","status":"publish","type":"page","link":"https:\/\/retoglobal.eu\/index.php\/cambio-climatico-2-2\/cambio-climatico\/","title":{"rendered":"\u00bfQu\u00e9 provoca el cambio clim\u00e1tico?, CAUSAS."},"content":{"rendered":"\n<p>Por definici\u00f3n, el cambio clim\u00e1tico se refiere a los cambio a largo plazo de las temperaturas y los patrones clim\u00e1ticos. Estos cambios son una conjunci\u00f3n de fenomenos naturales y antropog\u00e9nicos.<\/p>\n\n\n\n<p>Este es un fen\u00f3meno complejo y multifac\u00e9tico causado principalmente por las actividades humanas, antropog\u00e9nicas,&nbsp;que aumentan la concentraci\u00f3n de gases de efecto invernadero en la atm\u00f3sfera. Estos gases atrapan el calor del sol y contribuyen al calentamiento global y a los patrones clim\u00e1ticos cambiantes.<\/p>\n\n\n\n<p>Algunas de las principales causas del cambio clim\u00e1tico son:<\/p>\n\n\n\n<p><strong>1. Quema de combustibles f\u00f3siles:<\/strong> La quema de petr\u00f3leo, carb\u00f3n y gas natural para la energ\u00eda y el transporte libera grandes cantidades de di\u00f3xido de carbono (CO2) y otros gases de efecto invernadero a la atm\u00f3sfera.<\/p>\n\n\n\n<p><strong>2. Deforestaci\u00f3n:<\/strong> La eliminaci\u00f3n de bosques y selvas reduce la capacidad de la Tierra para absorber el CO2 de la atm\u00f3sfera a trav\u00e9s de la fotos\u00edntesis. Adem\u00e1s, la degradaci\u00f3n de los ecosistemas forestales libera carbono almacenado en la vegetaci\u00f3n y en el suelo.<\/p>\n\n\n\n<p><strong>3. Agricultura y ganader\u00eda:<\/strong> La producci\u00f3n de alimentos a menudo implica el uso intensivo de fertilizantes qu\u00edmicos y la gesti\u00f3n inadecuada de los desechos org\u00e1nicos, lo que puede liberar \u00f3xido nitroso (N2O) y metano (CH4), dos gases de efecto invernadero potentes.<\/p>\n\n\n\n<p><strong>4. Industria:<\/strong> Los procesos industriales liberan una variedad de gases de efecto invernadero, incluyendo CO2, metano y otros compuestos sint\u00e9ticos. La fabricaci\u00f3n de cemento, la producci\u00f3n de acero y la extracci\u00f3n de minerales son ejemplos de actividades industriales que contribuyen al cambio clim\u00e1tico.<\/p>\n\n\n\n<p><strong>5. Uso de fertilizantes:<\/strong> La aplicaci\u00f3n excesiva de fertilizantes en la agricultura puede aumentar la emisi\u00f3n de \u00f3xido nitroso, un gas de efecto invernadero.<\/p>\n\n\n\n<p><strong>6. Uso de refrigerantes:<\/strong> Algunos sistemas de refrigeraci\u00f3n y aires acondicionados utilizan refrigerantes que son gases de efecto invernadero extremadamente potentes y que pueden escapar a la atm\u00f3sfera durante su producci\u00f3n y uso.<\/p>\n\n\n\n<p><strong>7. Cambio en el uso del suelo:<\/strong> La urbanizaci\u00f3n y la transformaci\u00f3n de ecosistemas naturales en \u00e1reas urbanas o agr\u00edcolas pueden alterar los ciclos naturales del carbono y otros elementos, contribuyendo al aumento de los gases de efecto invernadero en la atm\u00f3sfera.<\/p>\n\n\n\n<p><strong>8. Actividades de miner\u00eda:<\/strong> La extracci\u00f3n de combustibles f\u00f3siles y minerales puede liberar gases de efecto invernadero almacenados en el suelo y en las rocas.<\/p>\n\n\n\n<p><strong>9. Cambio en el uso de la tierra:<\/strong> Alterar el uso natural de la tierra, como la conversi\u00f3n de \u00e1reas forestales en cultivos, puede liberar carbono almacenado en el suelo y reducir la capacidad de absorci\u00f3n de carbono de la vegetaci\u00f3n.<\/p>\n\n\n\n<p><strong>10. Crecimiento de la poblaci\u00f3n y consumo:<\/strong> El aumento de la poblaci\u00f3n mundial y el consumo creciente de recursos energ\u00e9ticos y materiales tambi\u00e9n contribuyen a la emisi\u00f3n de gases de efecto invernadero.<\/p>\n\n\n\n<h2 class=\"wp-block-heading\"><\/h2>\n\n\n\n<h2 class=\"wp-block-heading has-accent-2-color has-sitebg-background-color has-text-color has-background has-link-color has-normal-font-size wp-elements-d52a415a01a96c00a872c765fc7363f3\"><\/h2>\n\n\n\n<h2 class=\"wp-block-heading\"><\/h2>\n\n\n<h2 class=\"wp-block-post-title\">\u00bfQu\u00e9 provoca el cambio clim\u00e1tico?, CAUSAS.<\/h2>","protected":false},"excerpt":{"rendered":"<p>Por definici\u00f3n, el cambio clim\u00e1tico se refiere a los cambio a largo plazo de las temperaturas y los patrones clim\u00e1ticos. Estos cambios son una conjunci\u00f3n &hellip;<\/p>\n","protected":false},"author":1,"featured_media":36,"parent":42,"menu_order":-1,"comment_status":"closed","ping_status":"closed","template":"","meta":{"footnotes":""},"class_list":["post-19","page","type-page","status-publish","has-post-thumbnail","hentry"],"_links":{"self":[{"href":"https:\/\/retoglobal.eu\/index.php\/wp-json\/wp\/v2\/pages\/19","targetHints":{"allow":["GET"]}}],"collection":[{"href":"https:\/\/retoglobal.eu\/index.php\/wp-json\/wp\/v2\/pages"}],"about":[{"href":"https:\/\/retoglobal.eu\/index.php\/wp-json\/wp\/v2\/types\/page"}],"author":[{"embeddable":true,"href":"https:\/\/retoglobal.eu\/index.php\/wp-json\/wp\/v2\/users\/1"}],"replies":[{"embeddable":true,"href":"https:\/\/retoglobal.eu\/index.php\/wp-json\/wp\/v2\/comments?post=19"}],"version-history":[{"count":3,"href":"https:\/\/retoglobal.eu\/index.php\/wp-json\/wp\/v2\/pages\/19\/revisions"}],"predecessor-version":[{"id":39,"href":"https:\/\/retoglobal.eu\/index.php\/wp-json\/wp\/v2\/pages\/19\/revisions\/39"}],"up":[{"embeddable":true,"href":"https:\/\/retoglobal.eu\/index.php\/wp-json\/wp\/v2\/pages\/42"}],"wp:featuredmedia":[{"embeddable":true,"href":"https:\/\/retoglobal.eu\/index.php\/wp-json\/wp\/v2\/media\/36"}],"wp:attachment":[{"href":"https:\/\/retoglobal.eu\/index.php\/wp-json\/wp\/v2\/media?parent=19"}],"curies":[{"name":"wp","href":"https:\/\/api.w.org\/{rel}","templated":true}]}}