{"id":122,"date":"2024-01-07T13:45:06","date_gmt":"2024-01-07T12:45:06","guid":{"rendered":"https:\/\/retoglobal.eu\/?page_id=122"},"modified":"2024-01-07T13:45:07","modified_gmt":"2024-01-07T12:45:07","slug":"embajadores-europeos-del-pacto-climatico","status":"publish","type":"page","link":"https:\/\/retoglobal.eu\/index.php\/pacto-europeo-x-el-clima\/embajadores-europeos-del-pacto-climatico\/","title":{"rendered":"Embajadores europeos del Pacto Clim\u00e1tico."},"content":{"rendered":"\n<h2 class=\"wp-block-heading\"><strong><em>Los embajadores del Pacto Europeo por el Clima somos&nbsp;personas con&nbsp;distintas trayectorias&nbsp;y de todos los rincones de Europa con una cosa en com\u00fan, estamos comprometidas con la acci\u00f3n por el clima.<\/em><\/strong><\/h2>\n\n\n\n<p>Caracter\u00edsticas,<\/p>\n\n\n\n<ul class=\"wp-block-list\">\n<li>Todos y todas&nbsp;pueden ser candidato.<\/li>\n\n\n\n<li>Establecen contactos de cooperaci\u00f3n con todo tipo de&nbsp;personas y organizaciones.<\/li>\n\n\n\n<li>Establecen contacto en especial con quienes&nbsp;a\u00fan no est\u00e9n implicadas en la acci\u00f3n por el clima.<\/li>\n\n\n\n<li>Difunden, inspiran, inciden y apoyan la acci\u00f3n por el clima en todos sus \u00e1mbitos,&nbsp;comunidades y redes.<\/li>\n\n\n\n<li>Predican con el ejemplo en la acci\u00f3n por el clima y en la protecci\u00f3n del medio ambiente.<\/li>\n\n\n\n<li>Hacen de puente entre la sociedad civil, las partes interesadas, las instituciones y la Comisi\u00f3n Europea.<\/li>\n<\/ul>\n\n\n\n<h1 class=\"wp-block-heading\"><a href=\"https:\/\/climate-pact.europa.eu\/about\/meet-our-ambassadors_es\" target=\"_blank\" rel=\"noreferrer noopener\"><em><strong>Conozca a los Embajadores del Pacto Clim\u00e1tico Europeo.<\/strong><\/em><\/a><\/h1>\n","protected":false},"excerpt":{"rendered":"<p>Los embajadores del Pacto Europeo por el Clima somos&nbsp;personas con&nbsp;distintas trayectorias&nbsp;y de todos los rincones de Europa con una cosa en com\u00fan, estamos comprometidas con &hellip;<\/p>\n","protected":false},"author":1,"featured_media":123,"parent":21,"menu_order":-2,"comment_status":"closed","ping_status":"closed","template":"","meta":{"footnotes":""},"class_list":["post-122","page","type-page","status-publish","has-post-thumbnail","hentry"],"_links":{"self":[{"href":"https:\/\/retoglobal.eu\/index.php\/wp-json\/wp\/v2\/pages\/122","targetHints":{"allow":["GET"]}}],"collection":[{"href":"https:\/\/retoglobal.eu\/index.php\/wp-json\/wp\/v2\/pages"}],"about":[{"href":"https:\/\/retoglobal.eu\/index.php\/wp-json\/wp\/v2\/types\/page"}],"author":[{"embeddable":true,"href":"https:\/\/retoglobal.eu\/index.php\/wp-json\/wp\/v2\/users\/1"}],"replies":[{"embeddable":true,"href":"https:\/\/retoglobal.eu\/index.php\/wp-json\/wp\/v2\/comments?post=122"}],"version-history":[{"count":1,"href":"https:\/\/retoglobal.eu\/index.php\/wp-json\/wp\/v2\/pages\/122\/revisions"}],"predecessor-version":[{"id":124,"href":"https:\/\/retoglobal.eu\/index.php\/wp-json\/wp\/v2\/pages\/122\/revisions\/124"}],"up":[{"embeddable":true,"href":"https:\/\/retoglobal.eu\/index.php\/wp-json\/wp\/v2\/pages\/21"}],"wp:featuredmedia":[{"embeddable":true,"href":"https:\/\/retoglobal.eu\/index.php\/wp-json\/wp\/v2\/media\/123"}],"wp:attachment":[{"href":"https:\/\/retoglobal.eu\/index.php\/wp-json\/wp\/v2\/media?parent=122"}],"curies":[{"name":"wp","href":"https:\/\/api.w.org\/{rel}","templated":true}]}}